{"id":140,"date":"2024-12-06T12:36:52","date_gmt":"2024-12-06T12:36:52","guid":{"rendered":"https:\/\/sbb.3w2i.de\/?page_id=140"},"modified":"2024-12-06T13:18:02","modified_gmt":"2024-12-06T13:18:02","slug":"impressum","status":"publish","type":"page","link":"https:\/\/lorenz1.3w2i.de\/?page_id=140","title":{"rendered":"Impressum"},"content":{"rendered":"<p>[et_pb_section fb_built=&#8220;1&#8243; custom_padding_last_edited=&#8220;on|phone&#8220; admin_label=&#8220;Header&#8220; _builder_version=&#8220;4.27.4&#8243; _module_preset=&#8220;ee5543b6-07d0-4a41-827b-d217d1f9b945&#8243; background_enable_color=&#8220;off&#8220; background_color_gradient_stops=&#8220;#6b0262 0%|rgba(255,17,215,0.15) 100%&#8220; background_image=&#8220;https:\/\/lorenz1.3w2i.de\/wp-content\/uploads\/2024\/12\/HG-sbb_header_01.jpg&#8220; background_position=&#8220;bottom_left&#8220; custom_margin=&#8220;||||false|false&#8220; custom_padding=&#8220;0vw||0px||false|false&#8220; custom_padding_tablet=&#8220;20vw||0px||false|false&#8220; custom_padding_phone=&#8220;10px||0px||false|false&#8220; background_last_edited=&#8220;on|phone&#8220; background_image_phone=&#8220;https:\/\/lorenz1.3w2i.de\/wp-content\/uploads\/2024\/12\/HG-mo-sbb-02.jpg&#8220; background_enable_image_phone=&#8220;on&#8220; background_vertical_offset_phone=&#8220;0%&#8220; global_colors_info=&#8220;{}&#8220;][et_pb_row custom_padding_last_edited=&#8220;on|phone&#8220; _builder_version=&#8220;4.27.4&#8243; _module_preset=&#8220;2bd695d4-46cc-450e-a384-6c7208b3cd6b&#8220; background_enable_image=&#8220;off&#8220; background_size=&#8220;custom&#8220; background_image_width=&#8220;20%&#8220; custom_margin=&#8220;||2vh||false|false&#8220; custom_padding=&#8220;29px||6vh||false|false&#8220; custom_padding_tablet=&#8220;||10vh||false|false&#8220; custom_padding_phone=&#8220;||4vh||false|false&#8220; background_last_edited=&#8220;on|phone&#8220; background_position_tablet=&#8220;top_right&#8220; background_position_phone=&#8220;center_right&#8220; global_colors_info=&#8220;{}&#8220;][et_pb_column type=&#8220;4_4&#8243; _builder_version=&#8220;4.27.4&#8243; _module_preset=&#8220;default&#8220; global_colors_info=&#8220;{}&#8220;][et_pb_text content_tablet=&#8220;<\/p>\n<h1>Sachverst\u00e4ndige <br \/>f\u00fcr Sch\u00e4den <br \/>an Geb\u00e4uden<\/h1>\n<p>&#8220; content_phone=&#8220;<\/p>\n<h1>Sachverst\u00e4ndige f\u00fcr Sch\u00e4den an Geb\u00e4uden<\/h1>\n<p>&#8220; content_last_edited=&#8220;off|tablet&#8220; _builder_version=&#8220;4.27.4&#8243; _module_preset=&#8220;default&#8220; text_line_height=&#8220;3em&#8220; header_font=&#8220;||||||||&#8220; header_text_color=&#8220;#FFFFFF&#8220; header_font_size=&#8220;82px&#8220; header_line_height=&#8220;1.1em&#8220; header_2_text_color=&#8220;#FFFFFF&#8220; header_2_font_size=&#8220;36px&#8220; custom_margin=&#8220;20px||||false|false&#8220; header_font_size_tablet=&#8220;82px&#8220; header_font_size_phone=&#8220;40px&#8220; header_font_size_last_edited=&#8220;on|phone&#8220; header_2_font_size_tablet=&#8220;36px&#8220; header_2_font_size_phone=&#8220;18px&#8220; header_2_font_size_last_edited=&#8220;on|phone&#8220; global_colors_info=&#8220;{}&#8220;]<\/p>\n<h1>Impressum<\/h1>\n<p>[\/et_pb_text][\/et_pb_column][\/et_pb_row][\/et_pb_section][et_pb_section fb_built=&#8220;1&#8243; specialty=&#8220;on&#8220; admin_label=&#8220;Stats&#8220; _builder_version=&#8220;4.27.4&#8243; _module_preset=&#8220;default&#8220; background_color=&#8220;rgba(255,255,255,0.94)&#8220; background_image=&#8220;https:\/\/lorenz1.3w2i.de\/wp-content\/uploads\/2024\/12\/Logo_Zeichen_Sachverstand.png&#8220; background_size=&#8220;contain&#8220; background_position=&#8220;top_right&#8220; background_blend=&#8220;overlay&#8220; inner_width=&#8220;90%&#8220; inner_max_width=&#8220;1500px&#8220; global_colors_info=&#8220;{}&#8220;][et_pb_column type=&#8220;1_3&#8243; _builder_version=&#8220;4.16&#8243; _module_preset=&#8220;default&#8220; custom_padding=&#8220;|||&#8220; global_colors_info=&#8220;{}&#8220; custom_padding__hover=&#8220;|||&#8220;][et_pb_heading title=&#8220;Impressum&#8220; _builder_version=&#8220;4.27.4&#8243; _module_preset=&#8220;1b1bbb6b-714f-4ef8-aa76-25bb87ec03ac&#8220; title_font=&#8220;Verdana|700|||||||&#8220; title_text_color=&#8220;gcid-775cc0ac-9b63-4f70-8e72-4964ee86bfc7&#8243; locked=&#8220;off&#8220; global_colors_info=&#8220;{%22gcid-775cc0ac-9b63-4f70-8e72-4964ee86bfc7%22:%91%22title_text_color%22%93}&#8220;][\/et_pb_heading][\/et_pb_column][et_pb_column type=&#8220;2_3&#8243; specialty_columns=&#8220;2&#8243; _builder_version=&#8220;4.16&#8243; _module_preset=&#8220;default&#8220; custom_padding=&#8220;|||&#8220; global_colors_info=&#8220;{}&#8220; custom_padding__hover=&#8220;|||&#8220;][et_pb_row_inner _builder_version=&#8220;4.27.4&#8243; _module_preset=&#8220;default&#8220; global_colors_info=&#8220;{}&#8220;][et_pb_column_inner saved_specialty_column_type=&#8220;2_3&#8243; _builder_version=&#8220;4.27.4&#8243; _module_preset=&#8220;default&#8220; global_colors_info=&#8220;{}&#8220;][et_pb_text ul_type=&#8220;square&#8220; ul_item_indent=&#8220;54px&#8220; ul_item_indent_tablet=&#8220;54px&#8220; ul_item_indent_phone=&#8220;20px&#8220; ul_item_indent_last_edited=&#8220;on|phone&#8220; _builder_version=&#8220;4.27.4&#8243; _module_preset=&#8220;default&#8220; text_font=&#8220;||||||||&#8220; text_text_color=&#8220;#000000&#8243; text_font_size=&#8220;15px&#8220; ul_text_color=&#8220;gcid-05165a44-1908-4cd8-b235-b9caf531358b&#8220; custom_margin=&#8220;-22px|||||&#8220; hover_enabled=&#8220;0&#8243; global_colors_info=&#8220;{%22gcid-05165a44-1908-4cd8-b235-b9caf531358b%22:%91%22ul_text_color%22%93}&#8220; sticky_enabled=&#8220;0&#8243;]<\/p>\n<p><strong>Domaininhaberin und verantwortlich f\u00fcr die Inhalte:<\/strong><\/p>\n<p>Sonja Bernard, Marchlewskistr. 41, 10243 Berlin<\/p>\n<p>Berufsbezeichnung: Freischaffende Architektin<\/p>\n<p>Mitglied der Architektenkammer Berlin: 14245<\/p>\n<p>Es gelten die berufsrechtlichen Regelungen des Berliner Architekten- und Baukammergesetzes<\/p>\n<p>Umsatzsteuer-ID: 72913807561<\/p>\n<p>Berufshaftpflicht: VHV Allgemeine Versicherung AG<\/p>\n<p>[\/et_pb_text][\/et_pb_column_inner][\/et_pb_row_inner][\/et_pb_column][\/et_pb_section][et_pb_section fb_built=&#8220;1&#8243; admin_label=&#8220;Footer&#8220; _builder_version=&#8220;4.27.4&#8243; _module_preset=&#8220;default&#8220; background_color=&#8220;#383838&#8243; background_image=&#8220;https:\/\/lorenz1.3w2i.de\/wp-content\/uploads\/2024\/12\/schaeden-S-bernard_02.jpg&#8220; background_blend=&#8220;overlay&#8220; min_height=&#8220;39vh&#8220; custom_padding=&#8220;48px||0px||false|false&#8220; background_color_phone=&#8220;rgba(0,0,0,0.75)&#8220; background_last_edited=&#8220;on|phone&#8220; background_enable_color_phone=&#8220;on&#8220; saved_tabs=&#8220;all&#8220; locked=&#8220;off&#8220; global_colors_info=&#8220;{}&#8220;][et_pb_row column_structure=&#8220;1_3,1_3,1_3&#8243; _builder_version=&#8220;4.27.4&#8243; _module_preset=&#8220;2bd695d4-46cc-450e-a384-6c7208b3cd6b&#8220; locked=&#8220;off&#8220; global_colors_info=&#8220;{}&#8220;][et_pb_column type=&#8220;1_3&#8243; _builder_version=&#8220;4.25.2&#8243; _module_preset=&#8220;default&#8220; global_colors_info=&#8220;{}&#8220;][et_pb_text _builder_version=&#8220;4.27.4&#8243; _module_preset=&#8220;default&#8220; text_text_color=&#8220;#FFFFFF&#8220; header_2_text_color=&#8220;#FFFFFF&#8220; global_colors_info=&#8220;{}&#8220;]<\/p>\n<p>Dipl.-Ing. (FH), M.A.<\/p>\n<h2>Architektin Sonja Bernard<\/h2>\n<p>[\/et_pb_text][\/et_pb_column][et_pb_column type=&#8220;1_3&#8243; _builder_version=&#8220;4.25.2&#8243; _module_preset=&#8220;default&#8220; global_colors_info=&#8220;{}&#8220;][et_pb_text _builder_version=&#8220;4.27.4&#8243; _module_preset=&#8220;default&#8220; text_text_color=&#8220;#FFFFFF&#8220; header_2_text_color=&#8220;#FFFFFF&#8220; global_colors_info=&#8220;{}&#8220;]<\/p>\n<p>Kontakt<\/p>\n<h2>+49 30 22 35 21 40<br \/><a href=\"mailto:Mailto:mail@architektin-bernard.de\">mail@architektin-bernard.de<\/a><\/h2>\n<p>&nbsp;<\/p>\n<p>[\/et_pb_text][\/et_pb_column][et_pb_column type=&#8220;1_3&#8243; _builder_version=&#8220;4.25.2&#8243; _module_preset=&#8220;default&#8220; global_colors_info=&#8220;{}&#8220;][et_pb_text _builder_version=&#8220;4.27.4&#8243; _module_preset=&#8220;default&#8220; text_text_color=&#8220;#FFFFFF&#8220; header_2_text_color=&#8220;#FFFFFF&#8220; header_2_font_size=&#8220;18px&#8220; header_2_line_height=&#8220;1.2em&#8220; global_colors_info=&#8220;{}&#8220;]<\/p>\n<p>Adresse<\/p>\n<h2><span>Marchlewskistra\u00dfe 41<br \/>10243 Berlin<\/span><\/h2>\n<p>[\/et_pb_text][\/et_pb_column][\/et_pb_row][et_pb_row column_structure=&#8220;3_5,2_5&#8243; _builder_version=&#8220;4.27.4&#8243; _module_preset=&#8220;2bd695d4-46cc-450e-a384-6c7208b3cd6b&#8220; locked=&#8220;off&#8220; global_colors_info=&#8220;{}&#8220;][et_pb_column type=&#8220;3_5&#8243; _builder_version=&#8220;4.25.2&#8243; _module_preset=&#8220;default&#8220; global_colors_info=&#8220;{}&#8220;][et_pb_text _builder_version=&#8220;4.27.4&#8243; _module_preset=&#8220;default&#8220; text_text_color=&#8220;#FFFFFF&#8220; ul_font_size=&#8220;18px&#8220; header_2_text_color=&#8220;#FFFFFF&#8220; global_colors_info=&#8220;{}&#8220;]<\/p>\n<h2>Mitgliedschaften<\/h2>\n<ul>\n<li>Architektenkammer Berlin<\/li>\n<li>b.v.s. Bundesverband \u00f6ffentlich bestellter und vereidigter sowie qualifizierter Sachverst\u00e4ndiger e. V.<\/li>\n<\/ul>\n<p>[\/et_pb_text][\/et_pb_column][et_pb_column type=&#8220;2_5&#8243; _builder_version=&#8220;4.25.2&#8243; _module_preset=&#8220;default&#8220; global_colors_info=&#8220;{}&#8220;][et_pb_blurb title=&#8220;Zeichen f\u00fcr Sachverstand&#8220; image=&#8220;https:\/\/lorenz1.3w2i.de\/wp-content\/uploads\/2024\/12\/Logo_Zeichen_Sachverstand.png&#8220; image_icon_width=&#8220;53%&#8220; icon_alignment=&#8220;left&#8220; _builder_version=&#8220;4.27.4&#8243; _module_preset=&#8220;default&#8220; background_layout=&#8220;dark&#8220; header_font_size_tablet=&#8220;&#8220; header_font_size_phone=&#8220;14px&#8220; header_font_size_last_edited=&#8220;on|phone&#8220; global_colors_info=&#8220;{}&#8220;][\/et_pb_blurb][\/et_pb_column][\/et_pb_row][\/et_pb_section]<\/p>\n","protected":false},"excerpt":{"rendered":"<p>ImpressumDomaininhaberin und verantwortlich f\u00fcr die Inhalte: Sonja Bernard, Marchlewskistr. 41, 10243 Berlin Berufsbezeichnung: Freischaffende Architektin Mitglied der Architektenkammer Berlin: 14245 Es gelten die berufsrechtlichen Regelungen des Berliner Architekten- und Baukammergesetzes Umsatzsteuer-ID: 72913807561 Berufshaftpflicht: VHV Allgemeine Versicherung AGDipl.-Ing. (FH), M.A. Architektin Sonja BernardKontakt +49 30 22 35 21 40mail@architektin-bernard.de &nbsp;Adresse Marchlewskistra\u00dfe 4110243 BerlinMitgliedschaften Architektenkammer Berlin b.v.s. [&hellip;]<\/p>\n","protected":false},"author":1,"featured_media":0,"parent":0,"menu_order":0,"comment_status":"closed","ping_status":"closed","template":"","meta":{"_et_pb_use_builder":"on","_et_pb_old_content":"","_et_gb_content_width":"","footnotes":""},"class_list":["post-140","page","type-page","status-publish","hentry"],"yoast_head":"<!-- This site is optimized with the Yoast SEO plugin v27.3 - https:\/\/yoast.com\/product\/yoast-seo-wordpress\/ -->\n<title>Impressum - Lorenz Kitchen<\/title>\n<meta name=\"robots\" content=\"noindex, follow, max-snippet:-1, max-image-preview:large, max-video-preview:-1\" \/>\n<meta property=\"og:locale\" content=\"de_DE\" \/>\n<meta property=\"og:type\" content=\"article\" \/>\n<meta property=\"og:title\" content=\"Impressum - Lorenz Kitchen\" \/>\n<meta property=\"og:description\" content=\"ImpressumDomaininhaberin und verantwortlich f\u00fcr die Inhalte: Sonja Bernard, Marchlewskistr. 41, 10243 Berlin Berufsbezeichnung: Freischaffende Architektin Mitglied der Architektenkammer Berlin: 14245 Es gelten die berufsrechtlichen Regelungen des Berliner Architekten- und Baukammergesetzes Umsatzsteuer-ID: 72913807561 Berufshaftpflicht: VHV Allgemeine Versicherung AGDipl.-Ing. (FH), M.A. Architektin Sonja BernardKontakt +49 30 22 35 21 40mail@architektin-bernard.de &nbsp;Adresse Marchlewskistra\u00dfe 4110243 BerlinMitgliedschaften Architektenkammer Berlin b.v.s. [&hellip;]\" \/>\n<meta property=\"og:url\" content=\"https:\/\/lorenz1.3w2i.de\/?page_id=140\" \/>\n<meta property=\"og:site_name\" content=\"Lorenz Kitchen\" \/>\n<meta property=\"article:modified_time\" content=\"2024-12-06T13:18:02+00:00\" \/>\n<meta name=\"twitter:card\" content=\"summary_large_image\" \/>\n<script type=\"application\/ld+json\" class=\"yoast-schema-graph\">{\"@context\":\"https:\\\/\\\/schema.org\",\"@graph\":[{\"@type\":\"WebPage\",\"@id\":\"https:\\\/\\\/lorenz1.3w2i.de\\\/?page_id=140\",\"url\":\"https:\\\/\\\/lorenz1.3w2i.de\\\/?page_id=140\",\"name\":\"Impressum - Lorenz Kitchen\",\"isPartOf\":{\"@id\":\"https:\\\/\\\/lorenz1.3w2i.de\\\/#website\"},\"datePublished\":\"2024-12-06T12:36:52+00:00\",\"dateModified\":\"2024-12-06T13:18:02+00:00\",\"breadcrumb\":{\"@id\":\"https:\\\/\\\/lorenz1.3w2i.de\\\/?page_id=140#breadcrumb\"},\"inLanguage\":\"de\",\"potentialAction\":[{\"@type\":\"ReadAction\",\"target\":[\"https:\\\/\\\/lorenz1.3w2i.de\\\/?page_id=140\"]}]},{\"@type\":\"BreadcrumbList\",\"@id\":\"https:\\\/\\\/lorenz1.3w2i.de\\\/?page_id=140#breadcrumb\",\"itemListElement\":[{\"@type\":\"ListItem\",\"position\":1,\"name\":\"Startseite\",\"item\":\"https:\\\/\\\/lorenz1.3w2i.de\\\/\"},{\"@type\":\"ListItem\",\"position\":2,\"name\":\"Impressum\"}]},{\"@type\":\"WebSite\",\"@id\":\"https:\\\/\\\/lorenz1.3w2i.de\\\/#website\",\"url\":\"https:\\\/\\\/lorenz1.3w2i.de\\\/\",\"name\":\"Lorenz Kitchen\",\"description\":\"Malaysia neu entdecken\",\"potentialAction\":[{\"@type\":\"SearchAction\",\"target\":{\"@type\":\"EntryPoint\",\"urlTemplate\":\"https:\\\/\\\/lorenz1.3w2i.de\\\/?s={search_term_string}\"},\"query-input\":{\"@type\":\"PropertyValueSpecification\",\"valueRequired\":true,\"valueName\":\"search_term_string\"}}],\"inLanguage\":\"de\"}]}<\/script>\n<!-- \/ Yoast SEO plugin. -->","yoast_head_json":{"title":"Impressum - Lorenz Kitchen","robots":{"index":"noindex","follow":"follow","max-snippet":"max-snippet:-1","max-image-preview":"max-image-preview:large","max-video-preview":"max-video-preview:-1"},"og_locale":"de_DE","og_type":"article","og_title":"Impressum - Lorenz Kitchen","og_description":"ImpressumDomaininhaberin und verantwortlich f\u00fcr die Inhalte: Sonja Bernard, Marchlewskistr. 41, 10243 Berlin Berufsbezeichnung: Freischaffende Architektin Mitglied der Architektenkammer Berlin: 14245 Es gelten die berufsrechtlichen Regelungen des Berliner Architekten- und Baukammergesetzes Umsatzsteuer-ID: 72913807561 Berufshaftpflicht: VHV Allgemeine Versicherung AGDipl.-Ing. (FH), M.A. Architektin Sonja BernardKontakt +49 30 22 35 21 40mail@architektin-bernard.de &nbsp;Adresse Marchlewskistra\u00dfe 4110243 BerlinMitgliedschaften Architektenkammer Berlin b.v.s. [&hellip;]","og_url":"https:\/\/lorenz1.3w2i.de\/?page_id=140","og_site_name":"Lorenz Kitchen","article_modified_time":"2024-12-06T13:18:02+00:00","twitter_card":"summary_large_image","schema":{"@context":"https:\/\/schema.org","@graph":[{"@type":"WebPage","@id":"https:\/\/lorenz1.3w2i.de\/?page_id=140","url":"https:\/\/lorenz1.3w2i.de\/?page_id=140","name":"Impressum - Lorenz Kitchen","isPartOf":{"@id":"https:\/\/lorenz1.3w2i.de\/#website"},"datePublished":"2024-12-06T12:36:52+00:00","dateModified":"2024-12-06T13:18:02+00:00","breadcrumb":{"@id":"https:\/\/lorenz1.3w2i.de\/?page_id=140#breadcrumb"},"inLanguage":"de","potentialAction":[{"@type":"ReadAction","target":["https:\/\/lorenz1.3w2i.de\/?page_id=140"]}]},{"@type":"BreadcrumbList","@id":"https:\/\/lorenz1.3w2i.de\/?page_id=140#breadcrumb","itemListElement":[{"@type":"ListItem","position":1,"name":"Startseite","item":"https:\/\/lorenz1.3w2i.de\/"},{"@type":"ListItem","position":2,"name":"Impressum"}]},{"@type":"WebSite","@id":"https:\/\/lorenz1.3w2i.de\/#website","url":"https:\/\/lorenz1.3w2i.de\/","name":"Lorenz Kitchen","description":"Malaysia neu entdecken","potentialAction":[{"@type":"SearchAction","target":{"@type":"EntryPoint","urlTemplate":"https:\/\/lorenz1.3w2i.de\/?s={search_term_string}"},"query-input":{"@type":"PropertyValueSpecification","valueRequired":true,"valueName":"search_term_string"}}],"inLanguage":"de"}]}},"_links":{"self":[{"href":"https:\/\/lorenz1.3w2i.de\/index.php?rest_route=\/wp\/v2\/pages\/140","targetHints":{"allow":["GET"]}}],"collection":[{"href":"https:\/\/lorenz1.3w2i.de\/index.php?rest_route=\/wp\/v2\/pages"}],"about":[{"href":"https:\/\/lorenz1.3w2i.de\/index.php?rest_route=\/wp\/v2\/types\/page"}],"author":[{"embeddable":true,"href":"https:\/\/lorenz1.3w2i.de\/index.php?rest_route=\/wp\/v2\/users\/1"}],"replies":[{"embeddable":true,"href":"https:\/\/lorenz1.3w2i.de\/index.php?rest_route=%2Fwp%2Fv2%2Fcomments&post=140"}],"version-history":[{"count":3,"href":"https:\/\/lorenz1.3w2i.de\/index.php?rest_route=\/wp\/v2\/pages\/140\/revisions"}],"predecessor-version":[{"id":165,"href":"https:\/\/lorenz1.3w2i.de\/index.php?rest_route=\/wp\/v2\/pages\/140\/revisions\/165"}],"wp:attachment":[{"href":"https:\/\/lorenz1.3w2i.de\/index.php?rest_route=%2Fwp%2Fv2%2Fmedia&parent=140"}],"curies":[{"name":"wp","href":"https:\/\/api.w.org\/{rel}","templated":true}]}}